{"id":4549,"date":"2024-08-28T16:40:19","date_gmt":"2024-08-28T21:40:19","guid":{"rendered":"https:\/\/decoroshoes.com\/?page_id=4549"},"modified":"2024-08-30T15:49:23","modified_gmt":"2024-08-30T20:49:23","slug":"preguntas-frecuentes","status":"publish","type":"page","link":"https:\/\/decoroshoes.com\/en\/preguntas-frecuentes\/","title":{"rendered":"Preguntas Frecuentes"},"content":{"rendered":"<div data-elementor-type=\"wp-page\" data-elementor-id=\"4549\" class=\"elementor elementor-4549\">\n\t\t\t\t<div class=\"elementor-element elementor-element-4ce1041b e-flex e-con-boxed e-con e-parent\" data-id=\"4ce1041b\" data-element_type=\"container\" data-settings=\"{&quot;background_background&quot;:&quot;classic&quot;}\">\n\t\t\t\t\t<div class=\"e-con-inner\">\n\t\t<div class=\"elementor-element elementor-element-58a73646 e-con-full e-flex e-con e-child\" data-id=\"58a73646\" data-element_type=\"container\">\n\t\t\t\t<div class=\"elementor-element elementor-element-732aec04 elementor-invisible elementor-widget elementor-widget-heading\" data-id=\"732aec04\" data-element_type=\"widget\" data-settings=\"{&quot;_animation&quot;:&quot;fadeIn&quot;,&quot;_animation_delay&quot;:600}\" data-widget_type=\"heading.default\">\n\t\t\t\t<div class=\"elementor-widget-container\">\n\t\t\t\t\t<h2 class=\"elementor-heading-title elementor-size-default\">Informaci\u00f3n<\/h2>\t\t\t\t<\/div>\n\t\t\t\t<\/div>\n\t\t\t\t<div class=\"elementor-element elementor-element-f52d8f2 elementor-invisible elementor-widget elementor-widget-heading\" data-id=\"f52d8f2\" data-element_type=\"widget\" data-settings=\"{&quot;_animation&quot;:&quot;fadeIn&quot;,&quot;_animation_delay&quot;:700}\" data-widget_type=\"heading.default\">\n\t\t\t\t<div class=\"elementor-widget-container\">\n\t\t\t\t\t<h1 class=\"elementor-heading-title elementor-size-default\">Despeja todas tus dudas para crear tu pedido.<\/h1>\t\t\t\t<\/div>\n\t\t\t\t<\/div>\n\t\t<div class=\"elementor-element elementor-element-5b929606 e-flex e-con-boxed e-con e-child\" data-id=\"5b929606\" data-element_type=\"container\">\n\t\t\t\t\t<div class=\"e-con-inner\">\n\t\t\t\t<div class=\"elementor-element elementor-element-69943cf7 elementor-align-left elementor-mobile-align-justify elementor-tablet-align-left elementor-widget__width-auto elementor-widget-mobile__width-inherit elementor-widget elementor-widget-button\" data-id=\"69943cf7\" data-element_type=\"widget\" data-widget_type=\"button.default\">\n\t\t\t\t<div class=\"elementor-widget-container\">\n\t\t\t\t\t\t\t\t\t<div class=\"elementor-button-wrapper\">\n\t\t\t\t\t<a class=\"elementor-button elementor-button-link elementor-size-sm\" href=\"#orden\">\n\t\t\t\t\t\t<span class=\"elementor-button-content-wrapper\">\n\t\t\t\t\t\t\t\t\t<span class=\"elementor-button-text\">Completa tu orden<\/span>\n\t\t\t\t\t<\/span>\n\t\t\t\t\t<\/a>\n\t\t\t\t<\/div>\n\t\t\t\t\t\t\t\t<\/div>\n\t\t\t\t<\/div>\n\t\t\t\t\t<\/div>\n\t\t\t\t<\/div>\n\t\t\t\t<\/div>\n\t\t\t\t\t<\/div>\n\t\t\t\t<\/div>\n\t\t<div class=\"elementor-element elementor-element-009abaa e-flex e-con-boxed e-con e-parent\" data-id=\"009abaa\" data-element_type=\"container\">\n\t\t\t\t\t<div class=\"e-con-inner\">\n\t\t\t\t<div class=\"elementor-element elementor-element-b1c6d38 elementor-widget elementor-widget-heading\" data-id=\"b1c6d38\" data-element_type=\"widget\" data-widget_type=\"heading.default\">\n\t\t\t\t<div class=\"elementor-widget-container\">\n\t\t\t\t\t<h2 class=\"elementor-heading-title elementor-size-default\">\u00bfC\u00f3mo hago una orden?<\/h2>\t\t\t\t<\/div>\n\t\t\t\t<\/div>\n\t\t\t\t\t<\/div>\n\t\t\t\t<\/div>\n\t\t\t\t<section class=\"elementor-section elementor-top-section elementor-element elementor-element-152651b3 elementor-section-stretched elementor-section-boxed elementor-section-height-default elementor-section-height-default\" data-id=\"152651b3\" data-element_type=\"section\" id=\"orden\" data-settings=\"{&quot;stretch_section&quot;:&quot;section-stretched&quot;}\">\n\t\t\t\t\t\t<div class=\"elementor-container elementor-column-gap-no\">\n\t\t\t\t\t<div class=\"elementor-column elementor-col-100 elementor-top-column elementor-element elementor-element-6b483311\" data-id=\"6b483311\" data-element_type=\"column\">\n\t\t\t<div class=\"elementor-widget-wrap elementor-element-populated\">\n\t\t\t\t\t\t<section class=\"elementor-section elementor-inner-section elementor-element elementor-element-fbd0324 elementor-section-content-middle orden elementor-section-boxed elementor-section-height-default elementor-section-height-default\" data-id=\"fbd0324\" data-element_type=\"section\">\n\t\t\t\t\t\t<div class=\"elementor-container elementor-column-gap-no\">\n\t\t\t\t\t<div class=\"elementor-column elementor-col-33 elementor-inner-column elementor-element elementor-element-4de939cc\" data-id=\"4de939cc\" data-element_type=\"column\" data-settings=\"{&quot;background_background&quot;:&quot;classic&quot;}\">\n\t\t\t<div class=\"elementor-widget-wrap elementor-element-populated\">\n\t\t\t\t\t\t<div class=\"elementor-element elementor-element-7306c31 elementor-widget elementor-widget-image\" data-id=\"7306c31\" data-element_type=\"widget\" data-widget_type=\"image.default\">\n\t\t\t\t<div class=\"elementor-widget-container\">\n\t\t\t\t\t\t\t\t\t\t\t\t\t\t\t<img fetchpriority=\"high\" decoding=\"async\" width=\"800\" height=\"533\" src=\"https:\/\/decoroshoes.com\/wp-content\/uploads\/2024\/08\/PlaceOrder1.png\" class=\"attachment-full size-full wp-image-4810\" alt=\"\" srcset=\"https:\/\/decoroshoes.com\/wp-content\/uploads\/2024\/08\/PlaceOrder1.png 800w, https:\/\/decoroshoes.com\/wp-content\/uploads\/2024\/08\/PlaceOrder1-300x200.png 300w, https:\/\/decoroshoes.com\/wp-content\/uploads\/2024\/08\/PlaceOrder1-768x512.png 768w, https:\/\/decoroshoes.com\/wp-content\/uploads\/2024\/08\/PlaceOrder1-18x12.png 18w, https:\/\/decoroshoes.com\/wp-content\/uploads\/2024\/08\/PlaceOrder1-600x400.png 600w\" sizes=\"(max-width: 800px) 100vw, 800px\" \/>\t\t\t\t\t\t\t\t\t\t\t\t\t\t\t<\/div>\n\t\t\t\t<\/div>\n\t\t\t\t<div class=\"elementor-element elementor-element-34ef133 elementor-widget elementor-widget-heading\" data-id=\"34ef133\" data-element_type=\"widget\" data-widget_type=\"heading.default\">\n\t\t\t\t<div class=\"elementor-widget-container\">\n\t\t\t\t\t<h4 class=\"elementor-heading-title elementor-size-default\">1) Busca entre nuestro cat\u00e1logo<\/h4>\t\t\t\t<\/div>\n\t\t\t\t<\/div>\n\t\t\t\t<div class=\"elementor-element elementor-element-8f63dd0 elementor-widget elementor-widget-text-editor\" data-id=\"8f63dd0\" data-element_type=\"widget\" data-widget_type=\"text-editor.default\">\n\t\t\t\t<div class=\"elementor-widget-container\">\n\t\t\t\t\t\t\t\t\t<p class=\"font_7 wixui-rich-text__text\">Tanto para Dama como para Caballero, tenemos una gama de zapatos acordes a tu estilo, hechos a medida para un mayor confort.<\/p>\t\t\t\t\t\t\t\t<\/div>\n\t\t\t\t<\/div>\n\t\t\t\t\t<\/div>\n\t\t<\/div>\n\t\t\t\t<div class=\"elementor-column elementor-col-33 elementor-inner-column elementor-element elementor-element-29f30395\" data-id=\"29f30395\" data-element_type=\"column\" data-settings=\"{&quot;background_background&quot;:&quot;classic&quot;}\">\n\t\t\t<div class=\"elementor-widget-wrap elementor-element-populated\">\n\t\t\t\t\t\t<div class=\"elementor-element elementor-element-d04f3b3 elementor-widget elementor-widget-image\" data-id=\"d04f3b3\" data-element_type=\"widget\" data-widget_type=\"image.default\">\n\t\t\t\t<div class=\"elementor-widget-container\">\n\t\t\t\t\t\t\t\t\t\t\t\t\t\t\t<img decoding=\"async\" width=\"696\" height=\"520\" src=\"https:\/\/decoroshoes.com\/wp-content\/uploads\/2024\/08\/Medida-del-pie.png\" class=\"attachment-large size-large wp-image-4781\" alt=\"\" srcset=\"https:\/\/decoroshoes.com\/wp-content\/uploads\/2024\/08\/Medida-del-pie.png 696w, https:\/\/decoroshoes.com\/wp-content\/uploads\/2024\/08\/Medida-del-pie-300x224.png 300w, https:\/\/decoroshoes.com\/wp-content\/uploads\/2024\/08\/Medida-del-pie-16x12.png 16w, https:\/\/decoroshoes.com\/wp-content\/uploads\/2024\/08\/Medida-del-pie-600x448.png 600w\" sizes=\"(max-width: 696px) 100vw, 696px\" \/>\t\t\t\t\t\t\t\t\t\t\t\t\t\t\t<\/div>\n\t\t\t\t<\/div>\n\t\t\t\t<div class=\"elementor-element elementor-element-4d5beb8 elementor-widget elementor-widget-heading\" data-id=\"4d5beb8\" data-element_type=\"widget\" data-widget_type=\"heading.default\">\n\t\t\t\t<div class=\"elementor-widget-container\">\n\t\t\t\t\t<h4 class=\"elementor-heading-title elementor-size-default\">2) Mide el largo y el ancho de tu pie<\/h4>\t\t\t\t<\/div>\n\t\t\t\t<\/div>\n\t\t\t\t<div class=\"elementor-element elementor-element-e264d7c elementor-widget elementor-widget-text-editor\" data-id=\"e264d7c\" data-element_type=\"widget\" data-widget_type=\"text-editor.default\">\n\t\t\t\t<div class=\"elementor-widget-container\">\n\t\t\t\t\t\t\t\t\t<p><span style=\"font-weight: 400;\">A continuaci\u00f3n\u00a0encontrar\u00e1 una gu\u00eda\u00a0en im\u00e1genes\u00a0de como tomar correctamente la medida de sus pies en cent\u00edmetros.<\/span><\/p><p><span style=\"font-weight: 400;\">Ten en cuenta que esta medida debe ser tomada con exactitud. De esa forma podremos crear un zapato adaptado a tus medidas. Totalmente personalizado.<\/span><\/p>\t\t\t\t\t\t\t\t<\/div>\n\t\t\t\t<\/div>\n\t\t\t\t\t<\/div>\n\t\t<\/div>\n\t\t\t\t<div class=\"elementor-column elementor-col-33 elementor-inner-column elementor-element elementor-element-c5ac934\" data-id=\"c5ac934\" data-element_type=\"column\">\n\t\t\t<div class=\"elementor-widget-wrap elementor-element-populated\">\n\t\t\t\t\t\t<div class=\"elementor-element elementor-element-08b819a elementor-widget elementor-widget-image\" data-id=\"08b819a\" data-element_type=\"widget\" data-widget_type=\"image.default\">\n\t\t\t\t<div class=\"elementor-widget-container\">\n\t\t\t\t\t\t\t\t\t\t\t\t\t\t\t<img decoding=\"async\" width=\"800\" height=\"502\" src=\"https:\/\/decoroshoes.com\/wp-content\/uploads\/2024\/08\/PlaceOrder2.png\" class=\"attachment-large size-large wp-image-4811\" alt=\"\" srcset=\"https:\/\/decoroshoes.com\/wp-content\/uploads\/2024\/08\/PlaceOrder2.png 800w, https:\/\/decoroshoes.com\/wp-content\/uploads\/2024\/08\/PlaceOrder2-300x188.png 300w, https:\/\/decoroshoes.com\/wp-content\/uploads\/2024\/08\/PlaceOrder2-768x482.png 768w, https:\/\/decoroshoes.com\/wp-content\/uploads\/2024\/08\/PlaceOrder2-18x12.png 18w, https:\/\/decoroshoes.com\/wp-content\/uploads\/2024\/08\/PlaceOrder2-600x377.png 600w\" sizes=\"(max-width: 800px) 100vw, 800px\" \/>\t\t\t\t\t\t\t\t\t\t\t\t\t\t\t<\/div>\n\t\t\t\t<\/div>\n\t\t\t\t<div class=\"elementor-element elementor-element-6f3eb63 elementor-widget elementor-widget-heading\" data-id=\"6f3eb63\" data-element_type=\"widget\" data-widget_type=\"heading.default\">\n\t\t\t\t<div class=\"elementor-widget-container\">\n\t\t\t\t\t<h4 class=\"elementor-heading-title elementor-size-default\">3) Escoge el color de tu zapatos y agregar tus medidas<\/h4>\t\t\t\t<\/div>\n\t\t\t\t<\/div>\n\t\t\t\t<div class=\"elementor-element elementor-element-64f0138 elementor-widget elementor-widget-text-editor\" data-id=\"64f0138\" data-element_type=\"widget\" data-widget_type=\"text-editor.default\">\n\t\t\t\t<div class=\"elementor-widget-container\">\n\t\t\t\t\t\t\t\t\t<p>Tendr\u00e1s la opci\u00f3n de elegir el color que m\u00e1s te guste si el modelo cuenta con diferentes colores.<br \/>Luego ver\u00e1s dos casillas para agregar las medidas que previamente has tomado de tus pies.<\/p><p>Luego podr\u00e1s &#8220;a\u00f1adir a tu carrito&#8221; y seguir comprando o proceder al pago.<\/p>\t\t\t\t\t\t\t\t<\/div>\n\t\t\t\t<\/div>\n\t\t\t\t\t<\/div>\n\t\t<\/div>\n\t\t\t\t\t<\/div>\n\t\t<\/section>\n\t\t\t\t<section class=\"elementor-section elementor-inner-section elementor-element elementor-element-c5e9981 elementor-section-content-middle elementor-section-boxed elementor-section-height-default elementor-section-height-default\" data-id=\"c5e9981\" data-element_type=\"section\">\n\t\t\t\t\t\t<div class=\"elementor-container elementor-column-gap-no\">\n\t\t\t\t\t<div class=\"elementor-column elementor-col-50 elementor-inner-column elementor-element elementor-element-e3b8409\" data-id=\"e3b8409\" data-element_type=\"column\" data-settings=\"{&quot;background_background&quot;:&quot;classic&quot;}\">\n\t\t\t<div class=\"elementor-widget-wrap elementor-element-populated\">\n\t\t\t\t\t\t<div class=\"elementor-element elementor-element-3127228 elementor-widget elementor-widget-heading\" data-id=\"3127228\" data-element_type=\"widget\" data-widget_type=\"heading.default\">\n\t\t\t\t<div class=\"elementor-widget-container\">\n\t\t\t\t\t<h2 class=\"elementor-heading-title elementor-size-default\">Preguntas<br>Frecuentes<\/h2>\t\t\t\t<\/div>\n\t\t\t\t<\/div>\n\t\t\t\t\t<\/div>\n\t\t<\/div>\n\t\t\t\t<div class=\"elementor-column elementor-col-50 elementor-inner-column elementor-element elementor-element-4da5f00\" data-id=\"4da5f00\" data-element_type=\"column\" data-settings=\"{&quot;background_background&quot;:&quot;classic&quot;}\">\n\t\t\t<div class=\"elementor-widget-wrap elementor-element-populated\">\n\t\t\t\t\t\t<div class=\"elementor-element elementor-element-8836cf1 elementor-widget elementor-widget-heading\" data-id=\"8836cf1\" data-element_type=\"widget\" data-widget_type=\"heading.default\">\n\t\t\t\t<div class=\"elementor-widget-container\">\n\t\t\t\t\t<h4 class=\"elementor-heading-title elementor-size-default\">\u00bfQu\u00e9 tipo de tacones tienen disponibles?<\/h4>\t\t\t\t<\/div>\n\t\t\t\t<\/div>\n\t\t\t\t<div class=\"elementor-element elementor-element-f3d6916 elementor-widget__width-initial elementor-widget elementor-widget-text-editor\" data-id=\"f3d6916\" data-element_type=\"widget\" data-widget_type=\"text-editor.default\">\n\t\t\t\t<div class=\"elementor-widget-container\">\n\t\t\t\t\t\t\t\t\t<p class=\"font_7 wixui-rich-text__text\">Elige el tac\u00f3n con el que te sientas m\u00e1s comodidad y te presentamos todas las medidas que manejamos.<\/p>\t\t\t\t\t\t\t\t<\/div>\n\t\t\t\t<\/div>\n\t\t\t\t<div class=\"elementor-element elementor-element-1330425 elementor-widget elementor-widget-image\" data-id=\"1330425\" data-element_type=\"widget\" data-widget_type=\"image.default\">\n\t\t\t\t<div class=\"elementor-widget-container\">\n\t\t\t\t\t\t\t\t\t\t\t\t\t\t\t<img loading=\"lazy\" decoding=\"async\" width=\"1024\" height=\"394\" src=\"https:\/\/decoroshoes.com\/wp-content\/uploads\/2024\/08\/Tacones-con-medida-1024x394.png\" class=\"attachment-large size-large wp-image-4808\" alt=\"\" srcset=\"https:\/\/decoroshoes.com\/wp-content\/uploads\/2024\/08\/Tacones-con-medida-1024x394.png 1024w, https:\/\/decoroshoes.com\/wp-content\/uploads\/2024\/08\/Tacones-con-medida-300x115.png 300w, https:\/\/decoroshoes.com\/wp-content\/uploads\/2024\/08\/Tacones-con-medida-768x295.png 768w, https:\/\/decoroshoes.com\/wp-content\/uploads\/2024\/08\/Tacones-con-medida-18x7.png 18w, https:\/\/decoroshoes.com\/wp-content\/uploads\/2024\/08\/Tacones-con-medida-600x231.png 600w, https:\/\/decoroshoes.com\/wp-content\/uploads\/2024\/08\/Tacones-con-medida.png 1040w\" sizes=\"(max-width: 1024px) 100vw, 1024px\" \/>\t\t\t\t\t\t\t\t\t\t\t\t\t\t\t<\/div>\n\t\t\t\t<\/div>\n\t\t\t\t<div class=\"elementor-element elementor-element-73e92e1 elementor-position-left elementor-vertical-align-top elementor-widget elementor-widget-image-box\" data-id=\"73e92e1\" data-element_type=\"widget\" data-widget_type=\"image-box.default\">\n\t\t\t\t<div class=\"elementor-widget-container\">\n\t\t\t\t\t<div class=\"elementor-image-box-wrapper\"><figure class=\"elementor-image-box-img\"><img loading=\"lazy\" decoding=\"async\" width=\"512\" height=\"512\" src=\"https:\/\/decoroshoes.com\/wp-content\/uploads\/2024\/08\/pago-seguro.png\" class=\"attachment-full size-full wp-image-4554\" alt=\"\" srcset=\"https:\/\/decoroshoes.com\/wp-content\/uploads\/2024\/08\/pago-seguro.png 512w, https:\/\/decoroshoes.com\/wp-content\/uploads\/2024\/08\/pago-seguro-300x300.png 300w, https:\/\/decoroshoes.com\/wp-content\/uploads\/2024\/08\/pago-seguro-150x150.png 150w, https:\/\/decoroshoes.com\/wp-content\/uploads\/2024\/08\/pago-seguro-100x100.png 100w\" sizes=\"(max-width: 512px) 100vw, 512px\" \/><\/figure><div class=\"elementor-image-box-content\"><h3 class=\"elementor-image-box-title\">\u00bfQu\u00e9 tipo de pagos aceptan?<\/h3><p class=\"elementor-image-box-description\">Aceptamos,\u00a0dep\u00f3sito bancario, transferencia, ,giros y efectivo. Contamos con un sistema de seguridad robusto y sencillo para que tu compra sea f\u00e1cil y r\u00e1pida.<\/p><\/div><\/div>\t\t\t\t<\/div>\n\t\t\t\t<\/div>\n\t\t\t\t<div class=\"elementor-element elementor-element-239eb2c elementor-position-left elementor-vertical-align-top elementor-widget elementor-widget-image-box\" data-id=\"239eb2c\" data-element_type=\"widget\" data-widget_type=\"image-box.default\">\n\t\t\t\t<div class=\"elementor-widget-container\">\n\t\t\t\t\t<div class=\"elementor-image-box-wrapper\"><figure class=\"elementor-image-box-img\"><img loading=\"lazy\" decoding=\"async\" width=\"512\" height=\"512\" src=\"https:\/\/decoroshoes.com\/wp-content\/uploads\/2024\/08\/carta.png\" class=\"attachment-full size-full wp-image-4553\" alt=\"\" srcset=\"https:\/\/decoroshoes.com\/wp-content\/uploads\/2024\/08\/carta.png 512w, https:\/\/decoroshoes.com\/wp-content\/uploads\/2024\/08\/carta-300x300.png 300w, https:\/\/decoroshoes.com\/wp-content\/uploads\/2024\/08\/carta-150x150.png 150w, https:\/\/decoroshoes.com\/wp-content\/uploads\/2024\/08\/carta-100x100.png 100w\" sizes=\"(max-width: 512px) 100vw, 512px\" \/><\/figure><div class=\"elementor-image-box-content\"><h3 class=\"elementor-image-box-title\">Si tienes m\u00e1s dudas siempre puedes comunicarte con nosotros.<\/h3><p class=\"elementor-image-box-description\">Env\u00edanos un correo, o comun\u00edcate\u00a0con nosotros v\u00eda m\u00f3vil\u00a0o whatsapp al +57 320 8722878.\n\nEspecificamos : referencia del articulo,\u00a0talla, altura\u00a0de tac\u00f3n y color.<\/p><\/div><\/div>\t\t\t\t<\/div>\n\t\t\t\t<\/div>\n\t\t\t\t\t<\/div>\n\t\t<\/div>\n\t\t\t\t\t<\/div>\n\t\t<\/section>\n\t\t\t\t\t<\/div>\n\t\t<\/div>\n\t\t\t\t\t<\/div>\n\t\t<\/section>\n\t\t\t\t<\/div>","protected":false},"excerpt":{"rendered":"<p>Informaci\u00f3n Despeja todas tus dudas para crear tu pedido. Completa tu orden \u00bfC\u00f3mo hago una orden? 1) Busca entre nuestro cat\u00e1logo Tanto para Dama como para Caballero, tenemos una gama de zapatos acordes a tu estilo, hechos a medida para un mayor confort. 2) Mide el largo y el ancho de tu pie A continuaci\u00f3n\u00a0encontrar\u00e1 [&hellip;]<\/p>","protected":false},"author":1,"featured_media":0,"parent":0,"menu_order":0,"comment_status":"closed","ping_status":"closed","template":"","meta":{"site-sidebar-layout":"no-sidebar","site-content-layout":"page-builder","ast-site-content-layout":"full-width-container","site-content-style":"default","site-sidebar-style":"default","ast-global-header-display":"","ast-banner-title-visibility":"","ast-main-header-display":"","ast-hfb-above-header-display":"","ast-hfb-below-header-display":"","ast-hfb-mobile-header-display":"","site-post-title":"disabled","ast-breadcrumbs-content":"","ast-featured-img":"disabled","footer-sml-layout":"","theme-transparent-header-meta":"","adv-header-id-meta":"","stick-header-meta":"","header-above-stick-meta":"","header-main-stick-meta":"","header-below-stick-meta":"","astra-migrate-meta-layouts":"set","ast-page-background-enabled":"default","ast-page-background-meta":{"desktop":{"background-color":"","background-image":"","background-repeat":"repeat","background-position":"center center","background-size":"auto","background-attachment":"scroll","background-type":"","background-media":"","overlay-type":"","overlay-color":"","overlay-opacity":"","overlay-gradient":""},"tablet":{"background-color":"","background-image":"","background-repeat":"repeat","background-position":"center center","background-size":"auto","background-attachment":"scroll","background-type":"","background-media":"","overlay-type":"","overlay-color":"","overlay-opacity":"","overlay-gradient":""},"mobile":{"background-color":"","background-image":"","background-repeat":"repeat","background-position":"center center","background-size":"auto","background-attachment":"scroll","background-type":"","background-media":"","overlay-type":"","overlay-color":"","overlay-opacity":"","overlay-gradient":""}},"ast-content-background-meta":{"desktop":{"background-color":"var(--ast-global-color-5)","background-image":"","background-repeat":"repeat","background-position":"center center","background-size":"auto","background-attachment":"scroll","background-type":"","background-media":"","overlay-type":"","overlay-color":"","overlay-opacity":"","overlay-gradient":""},"tablet":{"background-color":"var(--ast-global-color-5)","background-image":"","background-repeat":"repeat","background-position":"center center","background-size":"auto","background-attachment":"scroll","background-type":"","background-media":"","overlay-type":"","overlay-color":"","overlay-opacity":"","overlay-gradient":""},"mobile":{"background-color":"var(--ast-global-color-5)","background-image":"","background-repeat":"repeat","background-position":"center center","background-size":"auto","background-attachment":"scroll","background-type":"","background-media":"","overlay-type":"","overlay-color":"","overlay-opacity":"","overlay-gradient":""}},"footnotes":""},"class_list":["post-4549","page","type-page","status-publish","hentry"],"_links":{"self":[{"href":"https:\/\/decoroshoes.com\/en\/wp-json\/wp\/v2\/pages\/4549","targetHints":{"allow":["GET"]}}],"collection":[{"href":"https:\/\/decoroshoes.com\/en\/wp-json\/wp\/v2\/pages"}],"about":[{"href":"https:\/\/decoroshoes.com\/en\/wp-json\/wp\/v2\/types\/page"}],"author":[{"embeddable":true,"href":"https:\/\/decoroshoes.com\/en\/wp-json\/wp\/v2\/users\/1"}],"replies":[{"embeddable":true,"href":"https:\/\/decoroshoes.com\/en\/wp-json\/wp\/v2\/comments?post=4549"}],"version-history":[{"count":17,"href":"https:\/\/decoroshoes.com\/en\/wp-json\/wp\/v2\/pages\/4549\/revisions"}],"predecessor-version":[{"id":4823,"href":"https:\/\/decoroshoes.com\/en\/wp-json\/wp\/v2\/pages\/4549\/revisions\/4823"}],"wp:attachment":[{"href":"https:\/\/decoroshoes.com\/en\/wp-json\/wp\/v2\/media?parent=4549"}],"curies":[{"name":"wp","href":"https:\/\/api.w.org\/{rel}","templated":true}]}}